{"id":1182,"date":"2016-09-05T18:36:04","date_gmt":"2016-09-05T18:36:04","guid":{"rendered":"http:\/\/demos.famethemes.com\/screenr\/?page_id=5"},"modified":"2024-09-01T14:48:09","modified_gmt":"2024-09-01T17:48:09","slug":"homepage","status":"publish","type":"page","link":"https:\/\/hexin.com.br\/portal\/","title":{"rendered":"Homepage"},"content":{"rendered":"","protected":false},"excerpt":{"rendered":"","protected":false},"author":2,"featured_media":0,"parent":0,"menu_order":0,"comment_status":"closed","ping_status":"closed","template":"template-frontpage.php","meta":{"_monsterinsights_skip_tracking":false,"_monsterinsights_sitenote_active":false,"_monsterinsights_sitenote_note":"","_monsterinsights_sitenote_category":0,"_joinchat":[],"footnotes":""},"class_list":["post-1182","page","type-page","status-publish","hentry"],"yoast_head":"<!-- This site is optimized with the Yoast SEO plugin v23.6 - https:\/\/yoast.com\/wordpress\/plugins\/seo\/ -->\n<title>Hexin Solu\u00e7\u00f5es em Tecnologia<\/title>\n<meta name=\"description\" content=\"A Hexin \u00e9 uma empresa focada em entender as necessidades e desafios do neg\u00f3cio do cliente para oferecer solu\u00e7\u00f5es em tecnologia da informa\u00e7\u00e3o.\" \/>\n<meta name=\"robots\" content=\"index, follow, max-snippet:-1, max-image-preview:large, max-video-preview:-1\" \/>\n<link rel=\"canonical\" href=\"https:\/\/hexin.com.br\/portal\/\" \/>\n<meta property=\"og:locale\" content=\"pt_BR\" \/>\n<meta property=\"og:type\" content=\"article\" \/>\n<meta property=\"og:title\" content=\"Hexin Solu\u00e7\u00f5es em Tecnologia\" \/>\n<meta property=\"og:description\" content=\"A Hexin \u00e9 uma empresa focada em entender as necessidades e desafios do neg\u00f3cio do cliente para oferecer solu\u00e7\u00f5es em tecnologia da informa\u00e7\u00e3o.\" \/>\n<meta property=\"og:url\" content=\"https:\/\/hexin.com.br\/portal\/\" \/>\n<meta property=\"article:publisher\" content=\"https:\/\/www.facebook.com\/hexintec\" \/>\n<meta property=\"article:modified_time\" content=\"2024-09-01T17:48:09+00:00\" \/>\n<meta name=\"twitter:card\" content=\"summary_large_image\" \/>\n<script type=\"application\/ld+json\" class=\"yoast-schema-graph\">{\"@context\":\"https:\/\/schema.org\",\"@graph\":[{\"@type\":\"WebPage\",\"@id\":\"https:\/\/hexin.com.br\/portal\/\",\"url\":\"https:\/\/hexin.com.br\/portal\/\",\"name\":\"Hexin Solu\u00e7\u00f5es em Tecnologia\",\"isPartOf\":{\"@id\":\"https:\/\/hexin.com.br\/portal\/#website\"},\"datePublished\":\"2016-09-05T18:36:04+00:00\",\"dateModified\":\"2024-09-01T17:48:09+00:00\",\"description\":\"A Hexin \u00e9 uma empresa focada em entender as necessidades e desafios do neg\u00f3cio do cliente para oferecer solu\u00e7\u00f5es em tecnologia da informa\u00e7\u00e3o.\",\"breadcrumb\":{\"@id\":\"https:\/\/hexin.com.br\/portal\/#breadcrumb\"},\"inLanguage\":\"pt-BR\",\"potentialAction\":[{\"@type\":\"ReadAction\",\"target\":[\"https:\/\/hexin.com.br\/portal\/\"]}]},{\"@type\":\"BreadcrumbList\",\"@id\":\"https:\/\/hexin.com.br\/portal\/#breadcrumb\",\"itemListElement\":[{\"@type\":\"ListItem\",\"position\":1,\"name\":\"In\u00edcio\",\"item\":\"https:\/\/hexin.com.br\/portal\/\"},{\"@type\":\"ListItem\",\"position\":2,\"name\":\"Homepage\"}]},{\"@type\":\"WebSite\",\"@id\":\"https:\/\/hexin.com.br\/portal\/#website\",\"url\":\"https:\/\/hexin.com.br\/portal\/\",\"name\":\"Hexin Technologia\",\"description\":\"\",\"publisher\":{\"@id\":\"https:\/\/hexin.com.br\/portal\/#organization\"},\"potentialAction\":[{\"@type\":\"SearchAction\",\"target\":{\"@type\":\"EntryPoint\",\"urlTemplate\":\"https:\/\/hexin.com.br\/portal\/?s={search_term_string}\"},\"query-input\":{\"@type\":\"PropertyValueSpecification\",\"valueRequired\":true,\"valueName\":\"search_term_string\"}}],\"inLanguage\":\"pt-BR\"},{\"@type\":\"Organization\",\"@id\":\"https:\/\/hexin.com.br\/portal\/#organization\",\"name\":\"Hexin Technologia\",\"url\":\"https:\/\/hexin.com.br\/portal\/\",\"logo\":{\"@type\":\"ImageObject\",\"inLanguage\":\"pt-BR\",\"@id\":\"https:\/\/hexin.com.br\/portal\/#\/schema\/logo\/image\/\",\"url\":\"https:\/\/hexin.com.br\/portal\/wp-content\/uploads\/2021\/06\/Logo-hexin-Pq12.jpg\",\"contentUrl\":\"https:\/\/hexin.com.br\/portal\/wp-content\/uploads\/2021\/06\/Logo-hexin-Pq12.jpg\",\"width\":834,\"height\":176,\"caption\":\"Hexin Technologia\"},\"image\":{\"@id\":\"https:\/\/hexin.com.br\/portal\/#\/schema\/logo\/image\/\"},\"sameAs\":[\"https:\/\/www.facebook.com\/hexintec\",\"https:\/\/www.instagram.com\/hexintechnologia\"]}]}<\/script>\n<!-- \/ Yoast SEO plugin. -->","yoast_head_json":{"title":"Hexin Solu\u00e7\u00f5es em Tecnologia","description":"A Hexin \u00e9 uma empresa focada em entender as necessidades e desafios do neg\u00f3cio do cliente para oferecer solu\u00e7\u00f5es em tecnologia da informa\u00e7\u00e3o.","robots":{"index":"index","follow":"follow","max-snippet":"max-snippet:-1","max-image-preview":"max-image-preview:large","max-video-preview":"max-video-preview:-1"},"canonical":"https:\/\/hexin.com.br\/portal\/","og_locale":"pt_BR","og_type":"article","og_title":"Hexin Solu\u00e7\u00f5es em Tecnologia","og_description":"A Hexin \u00e9 uma empresa focada em entender as necessidades e desafios do neg\u00f3cio do cliente para oferecer solu\u00e7\u00f5es em tecnologia da informa\u00e7\u00e3o.","og_url":"https:\/\/hexin.com.br\/portal\/","article_publisher":"https:\/\/www.facebook.com\/hexintec","article_modified_time":"2024-09-01T17:48:09+00:00","twitter_card":"summary_large_image","schema":{"@context":"https:\/\/schema.org","@graph":[{"@type":"WebPage","@id":"https:\/\/hexin.com.br\/portal\/","url":"https:\/\/hexin.com.br\/portal\/","name":"Hexin Solu\u00e7\u00f5es em Tecnologia","isPartOf":{"@id":"https:\/\/hexin.com.br\/portal\/#website"},"datePublished":"2016-09-05T18:36:04+00:00","dateModified":"2024-09-01T17:48:09+00:00","description":"A Hexin \u00e9 uma empresa focada em entender as necessidades e desafios do neg\u00f3cio do cliente para oferecer solu\u00e7\u00f5es em tecnologia da informa\u00e7\u00e3o.","breadcrumb":{"@id":"https:\/\/hexin.com.br\/portal\/#breadcrumb"},"inLanguage":"pt-BR","potentialAction":[{"@type":"ReadAction","target":["https:\/\/hexin.com.br\/portal\/"]}]},{"@type":"BreadcrumbList","@id":"https:\/\/hexin.com.br\/portal\/#breadcrumb","itemListElement":[{"@type":"ListItem","position":1,"name":"In\u00edcio","item":"https:\/\/hexin.com.br\/portal\/"},{"@type":"ListItem","position":2,"name":"Homepage"}]},{"@type":"WebSite","@id":"https:\/\/hexin.com.br\/portal\/#website","url":"https:\/\/hexin.com.br\/portal\/","name":"Hexin Technologia","description":"","publisher":{"@id":"https:\/\/hexin.com.br\/portal\/#organization"},"potentialAction":[{"@type":"SearchAction","target":{"@type":"EntryPoint","urlTemplate":"https:\/\/hexin.com.br\/portal\/?s={search_term_string}"},"query-input":{"@type":"PropertyValueSpecification","valueRequired":true,"valueName":"search_term_string"}}],"inLanguage":"pt-BR"},{"@type":"Organization","@id":"https:\/\/hexin.com.br\/portal\/#organization","name":"Hexin Technologia","url":"https:\/\/hexin.com.br\/portal\/","logo":{"@type":"ImageObject","inLanguage":"pt-BR","@id":"https:\/\/hexin.com.br\/portal\/#\/schema\/logo\/image\/","url":"https:\/\/hexin.com.br\/portal\/wp-content\/uploads\/2021\/06\/Logo-hexin-Pq12.jpg","contentUrl":"https:\/\/hexin.com.br\/portal\/wp-content\/uploads\/2021\/06\/Logo-hexin-Pq12.jpg","width":834,"height":176,"caption":"Hexin Technologia"},"image":{"@id":"https:\/\/hexin.com.br\/portal\/#\/schema\/logo\/image\/"},"sameAs":["https:\/\/www.facebook.com\/hexintec","https:\/\/www.instagram.com\/hexintechnologia"]}]}},"_links":{"self":[{"href":"https:\/\/hexin.com.br\/portal\/wp-json\/wp\/v2\/pages\/1182"}],"collection":[{"href":"https:\/\/hexin.com.br\/portal\/wp-json\/wp\/v2\/pages"}],"about":[{"href":"https:\/\/hexin.com.br\/portal\/wp-json\/wp\/v2\/types\/page"}],"author":[{"embeddable":true,"href":"https:\/\/hexin.com.br\/portal\/wp-json\/wp\/v2\/users\/2"}],"replies":[{"embeddable":true,"href":"https:\/\/hexin.com.br\/portal\/wp-json\/wp\/v2\/comments?post=1182"}],"version-history":[{"count":1,"href":"https:\/\/hexin.com.br\/portal\/wp-json\/wp\/v2\/pages\/1182\/revisions"}],"predecessor-version":[{"id":1311,"href":"https:\/\/hexin.com.br\/portal\/wp-json\/wp\/v2\/pages\/1182\/revisions\/1311"}],"wp:attachment":[{"href":"https:\/\/hexin.com.br\/portal\/wp-json\/wp\/v2\/media?parent=1182"}],"curies":[{"name":"wp","href":"https:\/\/api.w.org\/{rel}","templated":true}]}}